{"id":47,"date":"2021-06-25T14:26:43","date_gmt":"2021-06-25T12:26:43","guid":{"rendered":"https:\/\/michaloziebly.wordpress.com\/?page_id=47"},"modified":"2025-01-03T12:33:44","modified_gmt":"2025-01-03T11:33:44","slug":"kontakt","status":"publish","type":"page","link":"https:\/\/michaloziebly.com\/?page_id=47","title":{"rendered":"Kontakt"},"content":{"rendered":"\t\t<div data-elementor-type=\"wp-page\" data-elementor-id=\"47\" class=\"elementor elementor-47\">\n\t\t\t\t<div class=\"elementor-element elementor-element-d11b228 e-flex e-con-boxed wpr-particle-no wpr-jarallax-no wpr-parallax-no wpr-sticky-section-no e-con e-parent\" data-id=\"d11b228\" data-element_type=\"container\">\n\t\t\t\t\t<div class=\"e-con-inner\">\n\t\t\t\t<div class=\"elementor-element elementor-element-44af584 eael-dual-header-content-align-center elementor-widget elementor-widget-eael-dual-color-header\" data-id=\"44af584\" data-element_type=\"widget\" data-widget_type=\"eael-dual-color-header.default\">\n\t\t\t\t<div class=\"elementor-widget-container\">\n\t\t\t\t\t\t\t\t<div class=\"eael-dual-header\">\n\t\t\t\t<h2 class=\"title eael-dch-title\"><span class=\"eael-dch-title-text eael-dch-title-lead lead solid-color\">Masz do mnie jakie\u015b pytanie?<\/span> <span class=\"eael-dch-title-text\">Pisz \u015bmia\u0142o!<\/span><\/h2>\t\t\t\t\t<span class=\"subtext\"><p>Odpowiem tak szybko, jak b\u0119dzie to mo\u017cliwe \ud83d\ude42<\/p><\/span>\n\t\t\t\t\t\t\t<\/div>\n\n\t\t\t\t\t\t<\/div>\n\t\t\t\t<\/div>\n\t\t\t\t\t<\/div>\n\t\t\t\t<\/div>\n\t\t<div class=\"elementor-element elementor-element-a16d1eb e-flex e-con-boxed wpr-particle-no wpr-jarallax-no wpr-parallax-no wpr-sticky-section-no e-con e-parent\" data-id=\"a16d1eb\" data-element_type=\"container\">\n\t\t\t\t\t<div class=\"e-con-inner\">\n\t\t\t\t<div class=\"elementor-element elementor-element-7f559d1 elementor-widget elementor-widget-eael-fancy-text\" data-id=\"7f559d1\" data-element_type=\"widget\" data-widget_type=\"eael-fancy-text.default\">\n\t\t\t\t<div class=\"elementor-widget-container\">\n\t\t\t\t\t\n\t<div  class=\"eael-fancy-text-container style-1\" data-fancy-text-id=\"7f559d1\" data-fancy-text=\"|napisz do mnie maila|napisz do mnie maila\" data-fancy-text-transition-type=\"typing\" data-fancy-text-speed=\"50\" data-fancy-text-delay=\"2500\" data-fancy-text-cursor=\"\" data-fancy-text-loop=\"\" data-fancy-text-action=\"page_load\" >\n\t\t\t\t\t<span class=\"eael-fancy-text-prefix\">Mo\u017cesz pomin\u0105\u0107 formularz kontaktowy, <\/span>\n\t\t\n\t\t\n\t\t\t\t\t<span id=\"eael-fancy-text-7f559d1\" class=\"eael-fancy-text-strings solid-color\">\n\t\t\t\t<noscript>\n\t\t\t\t\tnapisz do mnie maila, napisz do mnie maila\t\t\t\t<\/noscript>\n\t\t\t<\/span>\n\t\t\n\t\t\t\t\t<span class=\"eael-fancy-text-suffix\"> na adres: ozieblym@gmail.com<\/span>\n\t\t\t<\/div><!-- close .eael-fancy-text-container -->\n\n\t<div class=\"clearfix\"><\/div>\n\n\t\t\t\t\t<\/div>\n\t\t\t\t<\/div>\n\t\t\t\t\t<\/div>\n\t\t\t\t<\/div>\n\t\t<div class=\"elementor-element elementor-element-554955f e-flex e-con-boxed wpr-particle-no wpr-jarallax-no wpr-parallax-no wpr-sticky-section-no e-con e-parent\" data-id=\"554955f\" data-element_type=\"container\">\n\t\t\t\t\t<div class=\"e-con-inner\">\n\t\t\t\t<div class=\"elementor-element elementor-element-69c7ff9 elementor-button-align-center elementor-widget elementor-widget-bdt-contact-form\" data-id=\"69c7ff9\" data-element_type=\"widget\" data-widget_type=\"bdt-contact-form.default\">\n\t\t\t\t<div class=\"elementor-widget-container\">\n\t\t\t\t\t\t\t<div class=\"bdt-contact-form bdt-contact-form-skin-default\">\n\t\t\t<div class=\"elementor-form-fields-wrapper\">\n\t\t\t\t\t\t<div class=\"bdt-contact-form-wrapper\">\n\t\t\t<form class=\"bdt-contact-form-form bdt-form-stacked bdt-grid bdt-grid-small without-recaptcha\" data-bdt-grid=\"\" action=\"https:\/\/michaloziebly.com\/wp-admin\/admin-ajax.php\" method=\"post\">\n\n\t\t\t\t\n\t\t\t\t\t<div class=\"bdt-field-group elementor-field-required bdt-width-1-2@m bdt-name-email-inline\">\n\t\t\t\t\t\t<label for=\"user_name69c7ff9\" class=\"bdt-form-label\">Imi\u0119 i nazwisko<\/label><div class=\"bdt-form-controls\"><input type=\"text\" name=\"name\" id=\"user_name69c7ff9\" placeholder=\"Twoje imi\u0119 i nazwisko\" class=\"bdt-input bdt-form-default\" required =\"required\"><\/div>\t\t\t\t\t<\/div>\n\n\t\t\t\t\t<div class=\"bdt-field-group elementor-field-required bdt-width-1-2@m bdt-name-email-inline\">\n\t\t\t\t\t\t<label for=\"email69c7ff9\" class=\"bdt-form-label\">Email<\/label><div class=\"bdt-form-controls\"><input type=\"email\" name=\"email\" id=\"email69c7ff9\" placeholder=\"przyk\u0142ad@email.com\" class=\"bdt-input bdt-form-default\" required=\"required\"><\/div>\t\t\t\t\t<\/div>\n\n\t\t\t\t\t\n\t\t\t\t\t\t\t\t\t\t\t<div class=\"bdt-field-group bdt-width-1-1 elementor-field-required\">\n\t\t\t\t\t\t\t<label for=\"subject69c7ff9\" class=\"bdt-form-label\">Temat wiadomo\u015bci<\/label><div class=\"bdt-form-controls\"><input type=\"text\" name=\"subject\" id=\"subject69c7ff9\" placeholder=\"Temat Twojej wiadomo\u015bci\" class=\"bdt-input bdt-form-default\" required=\"required\"><\/div>\t\t\t\t\t\t<\/div>\n\t\t\t\t\t\n\t\t\t\t\t\n\t\t\t\t\t\t\t\t\t\t\t<div class=\"bdt-field-group bdt-width-1-1 elementor-field-required\">\n\t\t\t\t\t\t\t<label for=\"message69c7ff9\" class=\"bdt-form-label\">Tre\u015b\u0107 wiadomo\u015bci<\/label><div class=\"bdt-form-controls\"><textarea name=\"message\" id=\"message69c7ff9\" rows=\"5\" placeholder=\"Tre\u015b\u0107 Twojej wiadomo\u015bci\" class=\"bdt-textarea bdt-form-default\" required=\"required\"><\/textarea><\/div>\t\t\t\t\t\t<\/div>\n\t\t\t\t\t\n\t\t\t\t\t\n\n\t\t\t\t\t\n\t\t\t\t\t\t\t\t\t\t\t<input type=\"hidden\" name=\"reset-after-submit\"\n\t\t\t\t\t\t\tvalue=\"yes\" \/>\n\t\t\t\t\t\n\t\t\t\t\t<input type=\"hidden\" class=\"widget_id\" name=\"widget_id\" value=\"69c7ff9\" \/>\n\t\t\t\t\t<input type=\"hidden\" name=\"bdt-sf-69c7ff9\" value=\"true\" \/>\n\t\t\t\t\t<input type=\"hidden\" class=\"page_id\" name=\"page_id\" value=\"47\" \/>\n\n\t\t\t\t\t<div class=\"elementor-field-type-submit bdt-field-group bdt-flex bdt-width-1-1\">\n\t\t\t\t\t\t<button type=\"submit\" class=\"elementor-animation-bounce-in elementor-button bdt-button bdt-button-primary\" name=\"submit\">\n\t\t\t\t\t\t\t\t\t\t\t\t\t\t\t<span>\n\t\t\t\t\t\t\t\t\tWy\u015blij wiadomo\u015b\u0107\t\t\t\t\t\t\t\t<\/span>\n\t\t\t\t\t\t\t\t\t\t\t\t\t<\/button>\n\t\t\t\t\t<\/div>\n\n\t\t\t\t\t<input name=\"_wpnonce\" value=\"04bb4e5bd1\" type=\"hidden\">\n\t\t\t\t\t\n\t\t\t\t\t\t\t\t\t\t\n\n\t\t\t\t\t<input type=\"hidden\" name=\"action\" value=\"element_pack_contact_form\" \/>\n\n\t\t\t\t\t\n\t\t\t<\/form>\n\t\t<\/div>\n\t\t\t\t\t<\/div>\n\t\t<\/div>\n\t\t\t\t\t\t<\/div>\n\t\t\t\t<\/div>\n\t\t\t\t\t<\/div>\n\t\t\t\t<\/div>\n\t\t<div class=\"elementor-element elementor-element-7c69558 e-flex e-con-boxed wpr-particle-no wpr-jarallax-no wpr-parallax-no wpr-sticky-section-no e-con e-parent\" data-id=\"7c69558\" data-element_type=\"container\">\n\t\t\t\t\t<div class=\"e-con-inner\">\n\t\t\t\t<div class=\"elementor-element elementor-element-168ba85 elementor-widget elementor-widget-text-editor\" data-id=\"168ba85\" data-element_type=\"widget\" data-widget_type=\"text-editor.default\">\n\t\t\t\t<div class=\"elementor-widget-container\">\n\t\t\t\t\t\t\t\t\t<p>Wys\u0142anie wiadomo\u015bci przez ten formularz kontaktowy jest r\u00f3wnoznaczne z wyra\u017ceniem zgody na przetwarzanie przeze mnie, Micha\u0142a Ozi\u0119b\u0142ego, Twoich danych osobowych w celach m.in. kontaktowych oraz wysy\u0142ki newslettera. Je\u015bli chcesz wi\u0119cej informacji, przeczytaj <a href=\"https:\/\/michaloziebly.com\/polityka-prywatnosci\/\">polityk\u0119 prywatno\u015bci.<\/a><\/p>\t\t\t\t\t\t\t\t<\/div>\n\t\t\t\t<\/div>\n\t\t\t\t\t<\/div>\n\t\t\t\t<\/div>\n\t\t\t\t<\/div>\n\t\t","protected":false},"excerpt":{"rendered":"<p>Fotograf, producent filmowy i grafik. Je\u015bli potrzebujesz profesjonalnych us\u0142ug, to \u015bwietnie trafi\u0142e\u015b. Dzia\u0142am g\u0142\u00f3wnie w: \u0141\u00f3d\u017a, Warszawa. <\/p>\n","protected":false},"author":1,"featured_media":720,"parent":0,"menu_order":0,"comment_status":"closed","ping_status":"closed","template":"","meta":{"postBodyCss":"","postBodyMargin":[],"postBodyPadding":[],"postBodyBackground":{"backgroundType":"classic","gradient":""},"footnotes":""},"class_list":["post-47","page","type-page","status-publish","has-post-thumbnail","hentry"],"yoast_head":"<!-- This site is optimized with the Yoast SEO plugin v26.4 - https:\/\/yoast.com\/wordpress\/plugins\/seo\/ -->\n<title>Kontakt - Micha\u0142 Ozi\u0119b\u0142y<\/title>\n<meta name=\"robots\" content=\"index, follow, max-snippet:-1, max-image-preview:large, max-video-preview:-1\" \/>\n<link rel=\"canonical\" href=\"https:\/\/michaloziebly.com\/?page_id=47\" \/>\n<meta property=\"og:locale\" content=\"pl_PL\" \/>\n<meta property=\"og:type\" content=\"article\" \/>\n<meta property=\"og:title\" content=\"Kontakt - Micha\u0142 Ozi\u0119b\u0142y\" \/>\n<meta property=\"og:description\" content=\"Fotograf, producent filmowy i grafik. Je\u015bli potrzebujesz profesjonalnych us\u0142ug, to \u015bwietnie trafi\u0142e\u015b. Dzia\u0142am g\u0142\u00f3wnie w: \u0141\u00f3d\u017a, Warszawa.\" \/>\n<meta property=\"og:url\" content=\"https:\/\/michaloziebly.com\/?page_id=47\" \/>\n<meta property=\"og:site_name\" content=\"Micha\u0142 Ozi\u0119b\u0142y\" \/>\n<meta property=\"article:modified_time\" content=\"2025-01-03T11:33:44+00:00\" \/>\n<meta name=\"twitter:card\" content=\"summary_large_image\" \/>\n<meta name=\"twitter:label1\" content=\"Szacowany czas czytania\" \/>\n\t<meta name=\"twitter:data1\" content=\"1 minuta\" \/>\n<script type=\"application\/ld+json\" class=\"yoast-schema-graph\">{\"@context\":\"https:\/\/schema.org\",\"@graph\":[{\"@type\":\"WebPage\",\"@id\":\"https:\/\/michaloziebly.com\/?page_id=47\",\"url\":\"https:\/\/michaloziebly.com\/?page_id=47\",\"name\":\"Kontakt - Micha\u0142 Ozi\u0119b\u0142y\",\"isPartOf\":{\"@id\":\"https:\/\/michaloziebly.com\/#website\"},\"primaryImageOfPage\":{\"@id\":\"https:\/\/michaloziebly.com\/?page_id=47#primaryimage\"},\"image\":{\"@id\":\"https:\/\/michaloziebly.com\/?page_id=47#primaryimage\"},\"thumbnailUrl\":\"\",\"datePublished\":\"2021-06-25T12:26:43+00:00\",\"dateModified\":\"2025-01-03T11:33:44+00:00\",\"breadcrumb\":{\"@id\":\"https:\/\/michaloziebly.com\/?page_id=47#breadcrumb\"},\"inLanguage\":\"pl-PL\",\"potentialAction\":[{\"@type\":\"ReadAction\",\"target\":[\"https:\/\/michaloziebly.com\/?page_id=47\"]}]},{\"@type\":\"ImageObject\",\"inLanguage\":\"pl-PL\",\"@id\":\"https:\/\/michaloziebly.com\/?page_id=47#primaryimage\",\"url\":\"\",\"contentUrl\":\"\"},{\"@type\":\"BreadcrumbList\",\"@id\":\"https:\/\/michaloziebly.com\/?page_id=47#breadcrumb\",\"itemListElement\":[{\"@type\":\"ListItem\",\"position\":1,\"name\":\"Strona g\u0142\u00f3wna\",\"item\":\"https:\/\/michaloziebly.com\/\"},{\"@type\":\"ListItem\",\"position\":2,\"name\":\"Kontakt\"}]},{\"@type\":\"WebSite\",\"@id\":\"https:\/\/michaloziebly.com\/#website\",\"url\":\"https:\/\/michaloziebly.com\/\",\"name\":\"Micha\u0142 Ozi\u0119b\u0142y\",\"description\":\"Foto-video &amp; 3D\",\"potentialAction\":[{\"@type\":\"SearchAction\",\"target\":{\"@type\":\"EntryPoint\",\"urlTemplate\":\"https:\/\/michaloziebly.com\/?s={search_term_string}\"},\"query-input\":{\"@type\":\"PropertyValueSpecification\",\"valueRequired\":true,\"valueName\":\"search_term_string\"}}],\"inLanguage\":\"pl-PL\"}]}<\/script>\n<!-- \/ Yoast SEO plugin. -->","yoast_head_json":{"title":"Kontakt - Micha\u0142 Ozi\u0119b\u0142y","robots":{"index":"index","follow":"follow","max-snippet":"max-snippet:-1","max-image-preview":"max-image-preview:large","max-video-preview":"max-video-preview:-1"},"canonical":"https:\/\/michaloziebly.com\/?page_id=47","og_locale":"pl_PL","og_type":"article","og_title":"Kontakt - Micha\u0142 Ozi\u0119b\u0142y","og_description":"Fotograf, producent filmowy i grafik. Je\u015bli potrzebujesz profesjonalnych us\u0142ug, to \u015bwietnie trafi\u0142e\u015b. Dzia\u0142am g\u0142\u00f3wnie w: \u0141\u00f3d\u017a, Warszawa.","og_url":"https:\/\/michaloziebly.com\/?page_id=47","og_site_name":"Micha\u0142 Ozi\u0119b\u0142y","article_modified_time":"2025-01-03T11:33:44+00:00","twitter_card":"summary_large_image","twitter_misc":{"Szacowany czas czytania":"1 minuta"},"schema":{"@context":"https:\/\/schema.org","@graph":[{"@type":"WebPage","@id":"https:\/\/michaloziebly.com\/?page_id=47","url":"https:\/\/michaloziebly.com\/?page_id=47","name":"Kontakt - Micha\u0142 Ozi\u0119b\u0142y","isPartOf":{"@id":"https:\/\/michaloziebly.com\/#website"},"primaryImageOfPage":{"@id":"https:\/\/michaloziebly.com\/?page_id=47#primaryimage"},"image":{"@id":"https:\/\/michaloziebly.com\/?page_id=47#primaryimage"},"thumbnailUrl":"","datePublished":"2021-06-25T12:26:43+00:00","dateModified":"2025-01-03T11:33:44+00:00","breadcrumb":{"@id":"https:\/\/michaloziebly.com\/?page_id=47#breadcrumb"},"inLanguage":"pl-PL","potentialAction":[{"@type":"ReadAction","target":["https:\/\/michaloziebly.com\/?page_id=47"]}]},{"@type":"ImageObject","inLanguage":"pl-PL","@id":"https:\/\/michaloziebly.com\/?page_id=47#primaryimage","url":"","contentUrl":""},{"@type":"BreadcrumbList","@id":"https:\/\/michaloziebly.com\/?page_id=47#breadcrumb","itemListElement":[{"@type":"ListItem","position":1,"name":"Strona g\u0142\u00f3wna","item":"https:\/\/michaloziebly.com\/"},{"@type":"ListItem","position":2,"name":"Kontakt"}]},{"@type":"WebSite","@id":"https:\/\/michaloziebly.com\/#website","url":"https:\/\/michaloziebly.com\/","name":"Micha\u0142 Ozi\u0119b\u0142y","description":"Foto-video &amp; 3D","potentialAction":[{"@type":"SearchAction","target":{"@type":"EntryPoint","urlTemplate":"https:\/\/michaloziebly.com\/?s={search_term_string}"},"query-input":{"@type":"PropertyValueSpecification","valueRequired":true,"valueName":"search_term_string"}}],"inLanguage":"pl-PL"}]}},"_links":{"self":[{"href":"https:\/\/michaloziebly.com\/index.php?rest_route=\/wp\/v2\/pages\/47","targetHints":{"allow":["GET"]}}],"collection":[{"href":"https:\/\/michaloziebly.com\/index.php?rest_route=\/wp\/v2\/pages"}],"about":[{"href":"https:\/\/michaloziebly.com\/index.php?rest_route=\/wp\/v2\/types\/page"}],"author":[{"embeddable":true,"href":"https:\/\/michaloziebly.com\/index.php?rest_route=\/wp\/v2\/users\/1"}],"replies":[{"embeddable":true,"href":"https:\/\/michaloziebly.com\/index.php?rest_route=%2Fwp%2Fv2%2Fcomments&post=47"}],"version-history":[{"count":33,"href":"https:\/\/michaloziebly.com\/index.php?rest_route=\/wp\/v2\/pages\/47\/revisions"}],"predecessor-version":[{"id":1150,"href":"https:\/\/michaloziebly.com\/index.php?rest_route=\/wp\/v2\/pages\/47\/revisions\/1150"}],"wp:featuredmedia":[{"embeddable":true,"href":"https:\/\/michaloziebly.com\/index.php?rest_route=\/"}],"wp:attachment":[{"href":"https:\/\/michaloziebly.com\/index.php?rest_route=%2Fwp%2Fv2%2Fmedia&parent=47"}],"curies":[{"name":"wp","href":"https:\/\/api.w.org\/{rel}","templated":true}]}}